{"id":57,"date":"2019-07-01T19:20:06","date_gmt":"2019-07-01T17:20:06","guid":{"rendered":"https:\/\/vitalbook.me\/blog\/?page_id=57"},"modified":"2020-05-24T21:53:21","modified_gmt":"2020-05-24T19:53:21","slug":"condiciones","status":"publish","type":"page","link":"https:\/\/vitalbook.me\/blog\/condiciones\/","title":{"rendered":"Cl\u00e1usula legal para formulario Web"},"content":{"rendered":"\n<p>En cumplimiento de lo establecido en la normativa vigente de Protecci\u00f3n de Datos de Car\u00e1cter Personal, le comunicamos que los datos recogidos en el presente formulario quedar\u00e1n incorporados y ser\u00e1n tratados en el fichero denominado Usuarios Web bajo la responsabilidad de VITALBOOK SL con el fin de poder prestar sus servicios, as\u00ed como para mantenerme informado sobre cuestiones relativas a la actividad de la empresa. Le informamos que los datos que nos facilite ser\u00e1n tratados de forma leal, transparente, adecuada, pertinente, limitada, exacta y actualizada y no se comunicar\u00e1n o ceder\u00e1n a terceros, exceptuando que esta comunicaci\u00f3n sea necesaria o pueda suponer una mejora para la finalidad de los mismos, siempre acorde a la normativa vigente en materia de protecci\u00f3n de datos, Reglamento General de Protecci\u00f3n de Datos. En el supuesto de que se produzcan cambios en alguno de los datos facilitados, con la finalidad de mantener nuestro fichero actualizado, le rogamos nos lo comunique por escrito. Le informamos de la posibilidad que tiene de ejercer los derechos de acceso, rectificaci\u00f3n, supresi\u00f3n, oposici\u00f3n, limitaci\u00f3n del tratamiento y portabilidad de sus datos de car\u00e1cter personal mediante correo electr\u00f3nico a&nbsp;<a href=\"mailto:vitalbook@vitalbook.me\">vitalbook@vitalbook.me<\/a>.<\/p>\n","protected":false},"excerpt":{"rendered":"<p>En cumplimiento de lo establecido en la normativa vigente de Protecci\u00f3n de Datos de Car\u00e1cter Personal, le comunicamos que los datos recogidos en el presente formulario quedar\u00e1n incorporados y ser\u00e1n tratados en el fichero denominado Usuarios Web bajo la responsabilidad de VITALBOOK SL con el fin de poder prestar sus servicios, as\u00ed como para mantenerme [&hellip;]<\/p>\n","protected":false},"author":3,"featured_media":0,"parent":0,"menu_order":0,"comment_status":"closed","ping_status":"closed","template":"","meta":{"spay_email":""},"_links":{"self":[{"href":"https:\/\/vitalbook.me\/blog\/wp-json\/wp\/v2\/pages\/57"}],"collection":[{"href":"https:\/\/vitalbook.me\/blog\/wp-json\/wp\/v2\/pages"}],"about":[{"href":"https:\/\/vitalbook.me\/blog\/wp-json\/wp\/v2\/types\/page"}],"author":[{"embeddable":true,"href":"https:\/\/vitalbook.me\/blog\/wp-json\/wp\/v2\/users\/3"}],"replies":[{"embeddable":true,"href":"https:\/\/vitalbook.me\/blog\/wp-json\/wp\/v2\/comments?post=57"}],"version-history":[{"count":2,"href":"https:\/\/vitalbook.me\/blog\/wp-json\/wp\/v2\/pages\/57\/revisions"}],"predecessor-version":[{"id":412,"href":"https:\/\/vitalbook.me\/blog\/wp-json\/wp\/v2\/pages\/57\/revisions\/412"}],"wp:attachment":[{"href":"https:\/\/vitalbook.me\/blog\/wp-json\/wp\/v2\/media?parent=57"}],"curies":[{"name":"wp","href":"https:\/\/api.w.org\/{rel}","templated":true}]}}