{"id":42,"date":"2019-07-01T17:24:05","date_gmt":"2019-07-01T15:24:05","guid":{"rendered":"https:\/\/vitalbook.me\/blog\/?page_id=42"},"modified":"2019-07-04T22:34:04","modified_gmt":"2019-07-04T20:34:04","slug":"sobre-nosotros","status":"publish","type":"page","link":"https:\/\/vitalbook.me\/blog\/sobre-nosotros\/","title":{"rendered":"Sobre nosotros"},"content":{"rendered":"\n<div class=\"wp-block-image aboutUs-img\"><figure class=\"aligncenter is-resized\"><img loading=\"lazy\" src=\"https:\/\/vitalbook.me\/blog\/wp-content\/uploads\/bloc1-imatge-e1562170143546.jpg\" alt=\"\" class=\"wp-image-43\" width=\"892\" height=\"590\" srcset=\"https:\/\/vitalbook.me\/blog\/wp-content\/uploads\/bloc1-imatge-e1562170143546.jpg 892w, https:\/\/vitalbook.me\/blog\/wp-content\/uploads\/bloc1-imatge-e1562170143546-300x198.jpg 300w, https:\/\/vitalbook.me\/blog\/wp-content\/uploads\/bloc1-imatge-e1562170143546-768x508.jpg 768w\" sizes=\"(max-width: 892px) 100vw, 892px\" \/><\/figure><\/div>\n\n\n\n<p class=\"sangrat\">Nuestro cerebro es como un Disco duro de ordenador, nos pasamos toda la vida almacenando informaci\u00f3n, vivencias, experiencias y todo tipo de&nbsp;conocimiento, pero cuando fallecemos todo este \u00abdisco duro\u201d se borra para siempre sin haber tenido la oportunidad de hacer una&nbsp;\u201ccopia de seguridad\u201d, de dejar un \u00ablegado mental\u00bb de todo aquello que para ti es importante hacia las nuevas generaciones.<\/p>\n\n\n\n<p class=\"sangrat\">Seguramente guardar\u00e1s en diferentes dispositivos algunos v\u00eddeos, fotos y poco m\u00e1s, pero, \u00bfqu\u00e9 hay de toda aquella informaci\u00f3n que para ti es muy valiosa e importante de compartir con tus seres queridos y, tal vez, con el mundo entero? \u00bfToda una vida&nbsp;\u201cborrada\u201d, sin m\u00e1s\u2026?<\/p>\n\n\n\n<p class=\"sangrat\"><strong>Vitalbook te ayuda a guardar toda la informaci\u00f3n que para&nbsp;ti es vital y compartirla con todas las personas que desees.<\/strong><\/p>\n\n\n\n<p style=\"color:#b1357d\" class=\"has-text-color has-normal-font-size sangrat\"><strong>Ahora puedes crear tu propio espacio virtual y empezar a guardar lo m\u00e1s importante de tu vida con nosotros, tus recuerdos<\/strong>.<\/p>\n\n\n\n<p style=\"color:#b1357d;text-align:center\" class=\"has-text-color has-normal-font-size sangrat\"><strong>\u00bfTe unes a Vitalbook?<\/strong><\/p>\n","protected":false},"excerpt":{"rendered":"<p>Nuestro cerebro es como un Disco duro de ordenador, nos pasamos toda la vida almacenando informaci\u00f3n, vivencias, experiencias y todo tipo de&nbsp;conocimiento, pero cuando fallecemos todo este \u00abdisco duro\u201d se borra para siempre sin haber tenido la oportunidad de hacer una&nbsp;\u201ccopia de seguridad\u201d, de dejar un \u00ablegado mental\u00bb de todo aquello que para ti es [&hellip;]<\/p>\n","protected":false},"author":3,"featured_media":0,"parent":0,"menu_order":0,"comment_status":"closed","ping_status":"closed","template":"","meta":{"spay_email":""},"_links":{"self":[{"href":"https:\/\/vitalbook.me\/blog\/wp-json\/wp\/v2\/pages\/42"}],"collection":[{"href":"https:\/\/vitalbook.me\/blog\/wp-json\/wp\/v2\/pages"}],"about":[{"href":"https:\/\/vitalbook.me\/blog\/wp-json\/wp\/v2\/types\/page"}],"author":[{"embeddable":true,"href":"https:\/\/vitalbook.me\/blog\/wp-json\/wp\/v2\/users\/3"}],"replies":[{"embeddable":true,"href":"https:\/\/vitalbook.me\/blog\/wp-json\/wp\/v2\/comments?post=42"}],"version-history":[{"count":13,"href":"https:\/\/vitalbook.me\/blog\/wp-json\/wp\/v2\/pages\/42\/revisions"}],"predecessor-version":[{"id":79,"href":"https:\/\/vitalbook.me\/blog\/wp-json\/wp\/v2\/pages\/42\/revisions\/79"}],"wp:attachment":[{"href":"https:\/\/vitalbook.me\/blog\/wp-json\/wp\/v2\/media?parent=42"}],"curies":[{"name":"wp","href":"https:\/\/api.w.org\/{rel}","templated":true}]}}